{"id":4950,"date":"2022-11-08T13:50:36","date_gmt":"2022-11-08T16:50:36","guid":{"rendered":"https:\/\/dicasempregos.cidadesbr.net.br\/vagas\/?page_id=4950"},"modified":"2022-11-08T13:50:36","modified_gmt":"2022-11-08T16:50:36","slug":"quem-somos","status":"publish","type":"page","link":"https:\/\/dicasempregos.cidadesbr.net.br\/vagas\/quem-somos\/","title":{"rendered":"Quem Somos"},"content":{"rendered":"<p>Ao longo do tempo passamos a criar conte\u00fados mais amplos, <a href=\"https:\/\/dicasempregos.cidadesbr.net.br\/vagas\/2019\/11\/26\/como-montar-curriculo-pelo-aplicativo\/\" data-seo-automated-link-building=\"4\" title=\"Como montar curr\u00edculo pelo aplicativo\">como<\/a> not\u00edcias <a href=\"https:\/\/dicasempregos.cidadesbr.net.br\/vagas\/2019\/11\/14\/dicas-do-linkedin-sobre-o-uso-da-plataforma-na-area-da-saude\/\" data-seo-automated-link-building=\"3\" title=\"Dicas do LinkedIn sobre o uso da plataforma na \u00e1rea da sa\u00fade\">sobre<\/a> o mercado de trabalho, dicas para conquistar um <a href=\"https:\/\/dicasempregos.cidadesbr.net.br\/vagas\/2019\/11\/21\/3-dicas-essenciais-para-buscar-vagas-de-emprego-na-internet\/\" data-seo-automated-link-building=\"1\" title=\"3 Dicas essenciais para buscar vagas de emprego na internet\">emprego<\/a> e evoluir na carreira, como se <a href=\"https:\/\/dicasempregos.cidadesbr.net.br\/vagas\/2019\/11\/24\/o-que-nao-fazer-em-uma-entrevista-de-emprego\/\" data-seo-automated-link-building=\"2\" title=\"O QUE N\u00c3O FAZER EM UMA ENTREVISTA DE EMPREGO!\">comportar<\/a> no ambiente de trabalho, entre outros temas.<\/p>\n<p>Al\u00e9m disso, trazemos especialistas para falar sobre suas experi\u00eancias, buscando dar apoio aos nossos leitores e impulsionando suas carreiras.<\/p>\n<p>Veja dicas para se destacar na procura por emprego, como orienta\u00e7\u00f5es para curr\u00edculo, candidaturas e processos seletivos. Tamb\u00e9m trazemos temas sobre direitos trabalhistas, al\u00e9m de especialistas de RH e Recrutamento e Sele\u00e7\u00e3o falando o mercado do trabalho.<\/p>\n<p>Por meio de nossos conte\u00fados sobre carreira voc\u00ea poder\u00e1 alavancar a sua trajet\u00f3ria profissional na \u00e1rea que voc\u00ea est\u00e1 ou pretende seguir, dicas para ter mais qualidade de vida ou mudar de profiss\u00e3o.<\/p>\n","protected":false},"excerpt":{"rendered":"<p>Ao longo do tempo passamos a criar conte\u00fados mais amplos, como not\u00edcias sobre o mercado de trabalho, dicas para conquistar um emprego e evoluir na carreira, como se comportar no ambiente de trabalho, entre outros temas. Al\u00e9m disso, trazemos especialistas para falar sobre suas experi\u00eancias, buscando dar apoio aos nossos leitores e impulsionando suas carreiras. &hellip;<\/p>\n<p class=\"read-more\"> <a class=\"\" href=\"https:\/\/dicasempregos.cidadesbr.net.br\/vagas\/quem-somos\/\"> <span class=\"screen-reader-text\">Quem Somos<\/span> Ler Mais &#8220;<\/a><\/p>\n","protected":false},"author":1,"featured_media":0,"parent":0,"menu_order":0,"comment_status":"closed","ping_status":"closed","template":"","meta":{"site-sidebar-layout":"default","site-content-layout":"default","ast-global-header-display":"","ast-main-header-display":"","ast-hfb-above-header-display":"","ast-hfb-below-header-display":"","ast-hfb-mobile-header-display":"","site-post-title":"","ast-breadcrumbs-content":"","ast-featured-img":"","footer-sml-layout":"","theme-transparent-header-meta":"","adv-header-id-meta":"","stick-header-meta":"","header-above-stick-meta":"","header-main-stick-meta":"","header-below-stick-meta":""},"_links":{"self":[{"href":"https:\/\/dicasempregos.cidadesbr.net.br\/vagas\/wp-json\/wp\/v2\/pages\/4950"}],"collection":[{"href":"https:\/\/dicasempregos.cidadesbr.net.br\/vagas\/wp-json\/wp\/v2\/pages"}],"about":[{"href":"https:\/\/dicasempregos.cidadesbr.net.br\/vagas\/wp-json\/wp\/v2\/types\/page"}],"author":[{"embeddable":true,"href":"https:\/\/dicasempregos.cidadesbr.net.br\/vagas\/wp-json\/wp\/v2\/users\/1"}],"replies":[{"embeddable":true,"href":"https:\/\/dicasempregos.cidadesbr.net.br\/vagas\/wp-json\/wp\/v2\/comments?post=4950"}],"version-history":[{"count":1,"href":"https:\/\/dicasempregos.cidadesbr.net.br\/vagas\/wp-json\/wp\/v2\/pages\/4950\/revisions"}],"predecessor-version":[{"id":4952,"href":"https:\/\/dicasempregos.cidadesbr.net.br\/vagas\/wp-json\/wp\/v2\/pages\/4950\/revisions\/4952"}],"wp:attachment":[{"href":"https:\/\/dicasempregos.cidadesbr.net.br\/vagas\/wp-json\/wp\/v2\/media?parent=4950"}],"curies":[{"name":"wp","href":"https:\/\/api.w.org\/{rel}","templated":true}]}}